{"id":25366,"date":"2023-03-31T12:12:48","date_gmt":"2023-03-31T10:12:48","guid":{"rendered":"https:\/\/www.eucom.ro\/cariere-eucom\/"},"modified":"2024-10-31T14:22:32","modified_gmt":"2024-10-31T12:22:32","slug":"careers-eucom","status":"publish","type":"page","link":"https:\/\/www.eucom.ro\/en\/careers-eucom\/","title":{"rendered":"Careers"},"content":{"rendered":"\n<!--Text section-->\n<div class=\"lvd-text-section lvd-style-apply lvd-style-transparent lvd-pxy-none lvd-mb-block-spacer\" >\n  <!--Container-->\n  <div class=\"lvd-container lvd-width-fullhd\">\n          \n        <div class=\"lvd-content lvd-text-center lvd-col1\">\n                <!--Keyword-->\n                                <!--Title-->\n                <div class=\"lvd-title lvd-text-h2\">Come, build with us new bridges to the world!<\/div>\n                <!--Text-->\n                <div class=\"lvd-text lvd-default lvd-text-h4 \">\n                    <p>+20 years of experience and performance in the field of linguistic services dedicated to companies<\/p>                <\/div>\n                <!--Button group-->\n                                    <div class=\"lvd-button-group\">\n                                                                                                                            <\/div>\n                                <!--END Button group-->\n        <\/div>\n\n  <\/div>\n  <!--END Container-->\n<\/div>\n<!--END Text section-->\n\n\n<!--Card grid-->\n<div class=\"lvd-cm-card-grid lvd-style-transparent lvd-pxy-none lvd-mb-block-spacer\" id=jobs>\n    <!--Container-->\n    <div class=\"lvd-container lvd-width-widescreen\">\n            <!--Section title-->\n                        <!--Section intro-->\n                        <!--Repeater-->\n            <div class=\"lvd-grid lvd-grid-cols3 bm-lvd-grid-cols1 lvd-grid-gap-md\">\n                                                                <div class=\"swiper-slide\">\n                        <!--Card-->\n                        <div class=\"lvd-card lvd-style-apply lvd-box-shadow-100 lvd-style-light\">\n                            <!--Image-->\n                                                        \n                            <div class=\"lvd-content\">\n                                <!--Keyword-->\n                                                                <!--Title url-->\n                                 \n                                    <a href=\"https:\/\/www.eucom.ro\/en\/linguistic-evaluator\/\">\n                                                                        <h2 class=\"lvd-title lvd-text-h5\">Linguistic Evaluator<\/h2>\n                                                                   <\/a>\n                                                               \n                                <div class=\"lvd-txt lvd-default\">\n                                                                        <!--CTA-->\n                                                                            <div class=\"lvd-button-group\">\n                                                                                        <a href=\"https:\/\/www.eucom.ro\/en\/linguistic-evaluator\/\" class=\"lvd-button-outlined-small \">Job Details<\/a> \n                                                                                    <\/div>\n                                                                    <\/div>\n                            <\/div>     \n\n                        <\/div>\n                        <!--End Card-->\n                        <\/div>\n                                                                    <div class=\"swiper-slide\">\n                        <!--Card-->\n                        <div class=\"lvd-card lvd-style-apply lvd-box-shadow-100 lvd-style-light\">\n                            <!--Image-->\n                                                        \n                            <div class=\"lvd-content\">\n                                <!--Keyword-->\n                                                                <!--Title url-->\n                                 \n                                    <a href=\"https:\/\/www.eucom.ro\/trainer-de-limbi-straine\/\">\n                                                                        <h2 class=\"lvd-title lvd-text-h5\">Foreign Language Trainer<\/h2>\n                                                                   <\/a>\n                                                               \n                                <div class=\"lvd-txt lvd-default\">\n                                                                        <!--CTA-->\n                                                                            <div class=\"lvd-button-group\">\n                                                                                        <a href=\"https:\/\/www.eucom.ro\/trainer-de-limbi-straine\/\" class=\"lvd-button-outlined-small \">Job Details<\/a> \n                                                                                    <\/div>\n                                                                    <\/div>\n                            <\/div>     \n\n                        <\/div>\n                        <!--End Card-->\n                        <\/div>\n                                <\/div>\n            <!--END repeater-->\n            <!--Button group repeater-->\n                            <div class=\"lvd-button-group lvd-mt lvd-text-center\">\n                                                                                                        <\/div>\n                        <!--END Button group repeater-->\n    <\/div>  \n    <!--END Container-->\n<\/div>\n<!--END Grid-->\n\n\n<!--Text section-->\n<div class=\"lvd-text-section lvd-style-apply lvd-style-transparent lvd-pxy-none lvd-mb-block-spacer\" >\n  <!--Container-->\n  <div class=\"lvd-container lvd-width-tablet\">\n          \n        <div class=\"lvd-content  lvd-col1\">\n                <!--Keyword-->\n                                <!--Title-->\n                <h2 class=\"lvd-title lvd-text-h3\">Apply in 5 Steps<\/h2>\n                <!--Text-->\n                <div class=\"lvd-text lvd-default lvd-text-body \">\n                    <p>1. <span style=\"font-weight: 400\">Apply Now<\/span><\/p>\n<p>2. <span style=\"font-weight: 400\">Fill out the form<\/span><\/p>\n<p>3. <span style=\"font-weight: 400\">30-minute online interview<\/span><\/p>\n<p>4. <span style=\"font-weight: 400\">2-hour online interview<\/span><\/p>\n<p>5. <span style=\"font-weight: 400\">Best solution<\/span><\/p>                <\/div>\n                <!--Button group-->\n                                    <div class=\"lvd-button-group\">\n                                                                                                                <a href=\"#jobs\" class=\"lvd-button-primary \">Available Jobs<\/a>\n                                                                        <\/div>\n                                <!--END Button group-->\n        <\/div>\n\n  <\/div>\n  <!--END Container-->\n<\/div>\n<!--END Text section-->\n\n\n<!--Logo clouds-->\n<div  class=\"lvd-logo-clouds lvd-pxy-none lvd-mb-block-spacer lvd-width-widescreen\">\n    <!--Section title test-->\n        <!--Section intro test-->\n    \n    <!--Logo grid-->\n    <div class=\"lvd-grid bm-lvd-grid-cols2  lvd-grid-cols6 lvd-grid-gap-lg lvd-image-filter\">\n          <!--Repeater-->\n                          <!--Grid item-->\n                <div class=\"lvd-box-logo lvd-text-center\">\n                            <!--Url test-->\n                                                            <div class=\"lvd-img lvd-img-responsive\"><img decoding=\"async\" width=\"300\" height=\"120\" src=\"https:\/\/www.eucom.ro\/wp-content\/uploads\/2023\/01\/u-enel.jpg\" alt=\"\"><\/div>\n                                            <\/div>\n                <!--End Grid item-->\n                              <!--Grid item-->\n                <div class=\"lvd-box-logo lvd-text-center\">\n                            <!--Url test-->\n                                                            <div class=\"lvd-img lvd-img-responsive\"><img decoding=\"async\" width=\"300\" height=\"120\" src=\"https:\/\/www.eucom.ro\/wp-content\/uploads\/2023\/01\/u-genpact.jpg\" alt=\"\"><\/div>\n                                            <\/div>\n                <!--End Grid item-->\n                              <!--Grid item-->\n                <div class=\"lvd-box-logo lvd-text-center\">\n                            <!--Url test-->\n                                                            <div class=\"lvd-img lvd-img-responsive\"><img decoding=\"async\" width=\"300\" height=\"120\" src=\"https:\/\/www.eucom.ro\/wp-content\/uploads\/2023\/01\/u-hp.jpg\" alt=\"\"><\/div>\n                                            <\/div>\n                <!--End Grid item-->\n                              <!--Grid item-->\n                <div class=\"lvd-box-logo lvd-text-center\">\n                            <!--Url test-->\n                                                            <div class=\"lvd-img lvd-img-responsive\"><img loading=\"lazy\" decoding=\"async\" width=\"300\" height=\"120\" src=\"https:\/\/www.eucom.ro\/wp-content\/uploads\/2023\/01\/u-emerson.jpg\" alt=\"\"><\/div>\n                                            <\/div>\n                <!--End Grid item-->\n                              <!--Grid item-->\n                <div class=\"lvd-box-logo lvd-text-center\">\n                            <!--Url test-->\n                                                            <div class=\"lvd-img lvd-img-responsive\"><img loading=\"lazy\" decoding=\"async\" width=\"300\" height=\"120\" src=\"https:\/\/www.eucom.ro\/wp-content\/uploads\/2023\/01\/u-terapia.jpg\" alt=\"\"><\/div>\n                                            <\/div>\n                <!--End Grid item-->\n                              <!--Grid item-->\n                <div class=\"lvd-box-logo lvd-text-center\">\n                            <!--Url test-->\n                                                            <div class=\"lvd-img lvd-img-responsive\"><img loading=\"lazy\" decoding=\"async\" width=\"300\" height=\"120\" src=\"https:\/\/www.eucom.ro\/wp-content\/uploads\/2023\/01\/u-bayer.jpg\" alt=\"\"><\/div>\n                                            <\/div>\n                <!--End Grid item-->\n                        <!--END Repeater-->\n    <\/div>\n    <!--END Logo grid-->\n    <!--Button group repeater-->\n            <div class=\"lvd-button-group lvd-mt lvd-text-center\">\n                                                                <a href=\"#jobs\" class=\"lvd-button-outlined \">Joburi disponibile<\/a>\n                                    <\/div>\n        <!--END Button group repeater-->\n\n\n<\/div>\n<!--END Logo clouds-->\n\n\n<!--Testimonials slide-->\n<div class=\"lvd-testimonials-s lvd-mb-block-spacer lvd-width-fullhd lvd-pxy-none\" >\n    <!--Container-->\n    <div class=\"lvd-container lvd-box-shadow-100 lvd-py lvd-pl-lg lvd-pr-lg lvd-style-apply lvd-style-white\">\n            <!--Section title-->\n                            <h2 class=\"lvd-section-title lvd-mb-sm lvd-text-center lvd-text-h3\">Messages from the victorious side of the bridge<\/h2>\n                        <!--Swiper-->\n            <div class=\"lvd-testimonials-s-swiper\">\n                    <div class=\"lvd-swiper-testimonials-s swiper\">\n                        <div class=\"swiper-wrapper\" >\n                            <!--Repeater-->\n                                                            <div class=\"swiper-slide\">\n                                    <div class=\"lvd-flex lvd-flex-row lvd-justify-between  lvd-gap0\">\n                                        <!--Image test-->\n                                                                                    <div class=\"lvd-img \">\n                                                <img loading=\"lazy\" decoding=\"async\" width=\"81\" height=\"81\" src=\"https:\/\/www.eucom.ro\/wp-content\/uploads\/2023\/03\/ramona-novak.png\" alt=\"Ramona Novak, English Language Trainer\" class=\"lvd-img-responsive\" \/>\n                                            <\/div>\n                                                                                <div class=\"lvd-content lvd-self-center\">\n                                                                                            <div class=\"lvd-stars lvd-5stars\">\n                                                    <span class=\"icon-star-fill\"><\/span><span class=\"icon-star-fill\"><\/span><span class=\"icon-star-fill\"><\/span><span class=\"icon-star-fill\"><\/span><span class=\"icon-star-fill\"><\/span>\n                                                <\/div>\n                                                                                        <div class=\"lvd-text lvd-mb-sm\"><p>&#8220;Often during a course, I come up with an idea that I immediately put into practice. I work on exercises from the textbook in the form of games, or the learners apply the learned structures in a game setting. What I have noticed is that, in the context of the game, when learners are engaged, their perception of the language changes, their attitude towards the proposed problems changes, the rigid structures of consciousness relax, and learners are much more willing to be actively involved in producing the language, more easily taking the risk of making language mistakes.&#8221;<\/p><\/div>\n                                            <div class=\"lvd-metadata\">Ramona Novak, English Language Trainer<\/div>\n                                        <\/div>\n                                    <\/div>\n                                <\/div>    \n                                                                <div class=\"swiper-slide\">\n                                    <div class=\"lvd-flex lvd-flex-row lvd-justify-between  lvd-gap0\">\n                                        <!--Image test-->\n                                                                                    <div class=\"lvd-img \">\n                                                <img loading=\"lazy\" decoding=\"async\" width=\"81\" height=\"81\" src=\"https:\/\/www.eucom.ro\/wp-content\/uploads\/2023\/03\/oana.png\" alt=\"Oana, Romanian &amp; English Language Assessor\" class=\"lvd-img-responsive\" \/>\n                                            <\/div>\n                                                                                <div class=\"lvd-content lvd-self-center\">\n                                                                                            <div class=\"lvd-stars lvd-5stars\">\n                                                    <span class=\"icon-star-fill\"><\/span><span class=\"icon-star-fill\"><\/span><span class=\"icon-star-fill\"><\/span><span class=\"icon-star-fill\"><\/span><span class=\"icon-star-fill\"><\/span>\n                                                <\/div>\n                                                                                        <div class=\"lvd-text lvd-mb-sm\"><p>&#8220;A linguistic evaluator is not just someone who assesses a person&#8217;s linguistic skills and abilities, but also someone who, for a period of time, becomes a confessor, an advisor, a friend, a good listener, and sometimes even a healer! Because for a few moments or minutes, the dialogue partner trusts you and shares their knowledge, thoughts, beliefs, worries, expectations, and dreams with you. A linguistic evaluator is not just someone who writes a report at the end of a conversation. It&#8217;s much more than that! It is a person who listens to you both rationally and emotionally.&#8221;<\/p><\/div>\n                                            <div class=\"lvd-metadata\">Oana, Romanian &amp; English Language Assessor<\/div>\n                                        <\/div>\n                                    <\/div>\n                                <\/div>    \n                                                            <!--END Repeater-->  \n                        <\/div>\n                        <div class=\"swiper-button-next\"><\/div>\n                        <div class=\"swiper-button-prev\"><\/div>\n                    <\/div>\n            <\/div> \n            <!--END Swiper-->\n            <!--Button group repeater-->\n                            <div class=\"lvd-button-group lvd-mt lvd-text-center\">\n                                                                                                        <\/div>\n                        <!--END Button group repeater-->\n    <\/div>\n    <!--END Container-->\n<\/div>\n<!--END Testimonials slide-->\n\n\n<!--Photo slide-->\n<div class=\"lvd-cm-photo-s lvd-mb-block-spacer lvd-width-tablet lvd-pxy-none lvd-style-white\" >\n    <!--Section title-->\n             <h2 class=\"lvd-section-title lvd-mb-sm lvd-text-center lvd-text-h2\">We have a lot of fun as a team<\/h2>\n        <!--Container-->\n    <div class=\"lvd-container lvd-box-shadow-200\">\n            <!--Swiper-->\n            <div class=\"lvd-testimonials-s-swiper\">\n                    <div class=\"lm-swiper-photo-s swiper\">\n                        <div class=\"swiper-wrapper\" >\n                            <!--Repeater-->\n                                                            <div class=\"swiper-slide\">\n                                        <div class=\"lvd-img \">\n                                            <img loading=\"lazy\" decoding=\"async\" width=\"750\" height=\"535\" src=\"https:\/\/www.eucom.ro\/wp-content\/uploads\/2023\/03\/eucom2.jpg\" alt=\"\" class=\"lvd-img-responsive\" \/>\n                                        <\/div>\n                                        <!--Caption test-->\n                                                                        <\/div>    \n                                                                <div class=\"swiper-slide\">\n                                        <div class=\"lvd-img \">\n                                            <img loading=\"lazy\" decoding=\"async\" width=\"800\" height=\"571\" src=\"https:\/\/www.eucom.ro\/wp-content\/uploads\/2023\/03\/eucom3.jpg\" alt=\"\" class=\"lvd-img-responsive\" \/>\n                                        <\/div>\n                                        <!--Caption test-->\n                                                                        <\/div>    \n                                                            <!--END Repeater-->  \n                        <\/div>\n                        <div class=\"swiper-button-next\"><\/div>\n                        <div class=\"swiper-button-prev\"><\/div>\n                    <\/div>\n            <\/div> \n            <!--END Swiper-->\n    <\/div>\n    <!--END Container-->\n    <!--Button group repeater-->\n            <div class=\"lvd-button-group lvd-mt lvd-text-center\">\n                                                                <a href=\"#jobs\" class=\"lvd-button-primary \">Available Jobs<\/a>\n                                    <\/div>\n        <!--END Button group repeater-->\n<\/div>\n<!--END Photo slide-->\n\n<div class=\"lvd-cm-separator lvd-style2 lvd-mb-block-spacer\" >\n    <div class=\"lvd-sep-sign-line lvd-width-desktop\">\n        <div class=\"lvd-sep-sign-rectangle\"><div class=\"lvd-sep-sign-semicircle-top\"><\/div><div class=\"lvd-sep-sign-semicircle-bottom\"><\/div><\/div>\n    <\/div>\n<\/div>\n\n<!--Accordion-->\n<div  class=\"lvd-cm-accordion lvd-style-apply lvd-style-white lvd-pxy-none lvd-mb-block-spacer\">\n\n    <div class=\"lvd-container lvd-width-desktop\">\n        <!--Section title-->\n                    <h2 class=\"lvd-section-title lvd-mb-sm  lvd-text-h3\">Our Values<\/h2>\n                <!--Repeater-->\n        <div class=\"lvd-accordion lvd-icon-chevron\">\n                                <div class=\"item\">\n                    <div class=\"title lvd-text-h5\">Commitment<\/div>\n                    <div class=\"content lvd-default\"><p>Cu rezultatul &icirc;n minte \u015fi cu responsabilitate, g\u0103sim de fiecare dat\u0103 cea mai eficient\u0103 solu\u0163ie pentru partenerii no\u015ftri.<\/p><\/div>\n                <\/div>\n                                <div class=\"item\">\n                    <div class=\"title lvd-text-h5\">Improvement<\/div>\n                    <div class=\"content lvd-default\"><p><span style=\"font-weight: 400\">Suntem hot\u0103r&acirc;\u021bi s\u0103 ne dezvolt\u0103m \u015fi s\u0103 inov\u0103m, astfel &icirc;nc&acirc;t s\u0103-i inspir\u0103m pe cei de l&acirc;ng\u0103 noi \u015fi s\u0103 le oferim experien\u0163e WOW.<\/span><\/p><\/div>\n                <\/div>\n                                <div class=\"item\">\n                    <div class=\"title lvd-text-h5\">Partnership<\/div>\n                    <div class=\"content lvd-default\"><p><span style=\"font-weight: 400\">Suntem preocupa\u0163i s\u0103 ne &icirc;n\u0163elegem partenerii, cu scopul de a construi &icirc;mpreun\u0103 cea mai bun\u0103 solu\u0163ie pentru to\u0163i.<\/span><\/p><\/div>\n                <\/div>\n                                <div class=\"item\">\n                    <div class=\"title lvd-text-h5\">Excellence<\/div>\n                    <div class=\"content lvd-default\"><p>Promitem s\u0103 dep\u0103\u015fim &icirc;ntotdeauna a\u015ftept\u0103rile, astfel &icirc;nc&acirc;t partenerii s\u0103 aib\u0103 parte de o experien\u0163\u0103 WOW.<\/p><\/div>\n                <\/div>\n                        <\/div>\n        <!--END Repeater-->\n    <\/div>\n<\/div>\n<!--END Accordion-->\n\n","protected":false},"excerpt":{"rendered":"","protected":false},"author":1,"featured_media":0,"parent":0,"menu_order":0,"comment_status":"closed","ping_status":"closed","template":"","meta":{"_acf_changed":false,"footnotes":""},"class_list":["post-25366","page","type-page","status-publish","hentry"],"acf":[],"yoast_head":"<!-- This site is optimized with the Yoast SEO plugin v26.1.1 - https:\/\/yoast.com\/wordpress\/plugins\/seo\/ -->\n<title>Careers - Eucom<\/title>\n<meta name=\"robots\" content=\"index, follow, max-snippet:-1, max-image-preview:large, max-video-preview:-1\" \/>\n<link rel=\"canonical\" href=\"https:\/\/www.eucom.ro\/en\/careers-eucom\/\" \/>\n<meta property=\"og:locale\" content=\"en_US\" \/>\n<meta property=\"og:type\" content=\"article\" \/>\n<meta property=\"og:title\" content=\"Careers - Eucom\" \/>\n<meta property=\"og:url\" content=\"https:\/\/www.eucom.ro\/en\/careers-eucom\/\" \/>\n<meta property=\"og:site_name\" content=\"Eucom\" \/>\n<meta property=\"article:modified_time\" content=\"2024-10-31T12:22:32+00:00\" \/>\n<meta name=\"twitter:card\" content=\"summary_large_image\" \/>\n<script type=\"application\/ld+json\" class=\"yoast-schema-graph\">{\"@context\":\"https:\/\/schema.org\",\"@graph\":[{\"@type\":\"WebPage\",\"@id\":\"https:\/\/www.eucom.ro\/en\/careers-eucom\/\",\"url\":\"https:\/\/www.eucom.ro\/en\/careers-eucom\/\",\"name\":\"Careers - Eucom\",\"isPartOf\":{\"@id\":\"https:\/\/www.eucom.ro\/en\/#website\"},\"datePublished\":\"2023-03-31T10:12:48+00:00\",\"dateModified\":\"2024-10-31T12:22:32+00:00\",\"breadcrumb\":{\"@id\":\"https:\/\/www.eucom.ro\/en\/careers-eucom\/#breadcrumb\"},\"inLanguage\":\"en-US\",\"potentialAction\":[{\"@type\":\"ReadAction\",\"target\":[\"https:\/\/www.eucom.ro\/en\/careers-eucom\/\"]}]},{\"@type\":\"BreadcrumbList\",\"@id\":\"https:\/\/www.eucom.ro\/en\/careers-eucom\/#breadcrumb\",\"itemListElement\":[{\"@type\":\"ListItem\",\"position\":1,\"name\":\"Eucom\",\"item\":\"https:\/\/www.eucom.ro\/en\/\"},{\"@type\":\"ListItem\",\"position\":2,\"name\":\"Careers\"}]},{\"@type\":\"WebSite\",\"@id\":\"https:\/\/www.eucom.ro\/en\/#website\",\"url\":\"https:\/\/www.eucom.ro\/en\/\",\"name\":\"Eucom\",\"description\":\"\",\"potentialAction\":[{\"@type\":\"SearchAction\",\"target\":{\"@type\":\"EntryPoint\",\"urlTemplate\":\"https:\/\/www.eucom.ro\/en\/?s={search_term_string}\"},\"query-input\":{\"@type\":\"PropertyValueSpecification\",\"valueRequired\":true,\"valueName\":\"search_term_string\"}}],\"inLanguage\":\"en-US\"}]}<\/script>\n<!-- \/ Yoast SEO plugin. -->","yoast_head_json":{"title":"Careers - Eucom","robots":{"index":"index","follow":"follow","max-snippet":"max-snippet:-1","max-image-preview":"max-image-preview:large","max-video-preview":"max-video-preview:-1"},"canonical":"https:\/\/www.eucom.ro\/en\/careers-eucom\/","og_locale":"en_US","og_type":"article","og_title":"Careers - Eucom","og_url":"https:\/\/www.eucom.ro\/en\/careers-eucom\/","og_site_name":"Eucom","article_modified_time":"2024-10-31T12:22:32+00:00","twitter_card":"summary_large_image","schema":{"@context":"https:\/\/schema.org","@graph":[{"@type":"WebPage","@id":"https:\/\/www.eucom.ro\/en\/careers-eucom\/","url":"https:\/\/www.eucom.ro\/en\/careers-eucom\/","name":"Careers - Eucom","isPartOf":{"@id":"https:\/\/www.eucom.ro\/en\/#website"},"datePublished":"2023-03-31T10:12:48+00:00","dateModified":"2024-10-31T12:22:32+00:00","breadcrumb":{"@id":"https:\/\/www.eucom.ro\/en\/careers-eucom\/#breadcrumb"},"inLanguage":"en-US","potentialAction":[{"@type":"ReadAction","target":["https:\/\/www.eucom.ro\/en\/careers-eucom\/"]}]},{"@type":"BreadcrumbList","@id":"https:\/\/www.eucom.ro\/en\/careers-eucom\/#breadcrumb","itemListElement":[{"@type":"ListItem","position":1,"name":"Eucom","item":"https:\/\/www.eucom.ro\/en\/"},{"@type":"ListItem","position":2,"name":"Careers"}]},{"@type":"WebSite","@id":"https:\/\/www.eucom.ro\/en\/#website","url":"https:\/\/www.eucom.ro\/en\/","name":"Eucom","description":"","potentialAction":[{"@type":"SearchAction","target":{"@type":"EntryPoint","urlTemplate":"https:\/\/www.eucom.ro\/en\/?s={search_term_string}"},"query-input":{"@type":"PropertyValueSpecification","valueRequired":true,"valueName":"search_term_string"}}],"inLanguage":"en-US"}]}},"_links":{"self":[{"href":"https:\/\/www.eucom.ro\/en\/wp-json\/wp\/v2\/pages\/25366","targetHints":{"allow":["GET"]}}],"collection":[{"href":"https:\/\/www.eucom.ro\/en\/wp-json\/wp\/v2\/pages"}],"about":[{"href":"https:\/\/www.eucom.ro\/en\/wp-json\/wp\/v2\/types\/page"}],"author":[{"embeddable":true,"href":"https:\/\/www.eucom.ro\/en\/wp-json\/wp\/v2\/users\/1"}],"replies":[{"embeddable":true,"href":"https:\/\/www.eucom.ro\/en\/wp-json\/wp\/v2\/comments?post=25366"}],"version-history":[{"count":0,"href":"https:\/\/www.eucom.ro\/en\/wp-json\/wp\/v2\/pages\/25366\/revisions"}],"wp:attachment":[{"href":"https:\/\/www.eucom.ro\/en\/wp-json\/wp\/v2\/media?parent=25366"}],"curies":[{"name":"wp","href":"https:\/\/api.w.org\/{rel}","templated":true}]}}