{"id":25356,"date":"2023-04-26T10:11:54","date_gmt":"2023-04-26T08:11:54","guid":{"rendered":"https:\/\/www.eucom.ro\/foreign-language-courses\/metodologia-eucom\/"},"modified":"2023-11-27T12:02:07","modified_gmt":"2023-11-27T10:02:07","slug":"eucom-methodology","status":"publish","type":"page","link":"https:\/\/www.eucom.ro\/en\/foreign-language-courses\/eucom-methodology\/","title":{"rendered":"Eucom Methodology"},"content":{"rendered":"\n<!--Text section-->\n<div class=\"lvd-text-section lvd-style-apply lvd-style-transparent lvd-pxy-none lvd-mb-block-spacer\" >\n  <!--Container-->\n  <div class=\"lvd-container lvd-width-fullhd\">\n          \n        <div class=\"lvd-content  lvd-col1\">\n                <!--Keyword-->\n                                <!--Title-->\n                <h2 class=\"lvd-title lvd-text-h2\">Interactive Teaching Methods<\/h2>\n                <!--Text-->\n                <div class=\"lvd-text lvd-default lvd-text-body \">\n                    <p><span style=\"font-weight: 400\">The Eucom trainer assists participants in developing essential business skills. Techniques for approaching tasks are presented, and participants put into practice what they have learned, becoming productive themselves. They deliver presentations, negotiate, communicate over the phone and in teleconferences, write periodic reports, and participate in or chair business meetings.<\/span><\/p>\n<p><span style=\"font-weight: 400\">Additionally, to develop communication and debating skills, participants engage in activities that simulate real-life formal, semi-formal, and informal contexts. Fluency, spontaneity, clarity, and coherence in message delivery are also targeted.<\/span><\/p>                <\/div>\n                <!--Button group-->\n                                    <div class=\"lvd-button-group\">\n                                                                                                                            <\/div>\n                                <!--END Button group-->\n        <\/div>\n\n  <\/div>\n  <!--END Container-->\n<\/div>\n<!--END Text section-->\n\n<!--Video card text-->\n<div class=\"lvd-cm-photo-card-text lvd-mb-block-spacer lvd-pxy-none  \" >\n    <!--Container-->\n    <div class=\"lvd-container lvd-flex lvd-flex-row lvd-box-shadow-100  lvd-style-apply lvd-style-white lvd-width-desktop\"> \n        <!--Image-->\n        <div class=\"lvd-image lvd-order3\">\n            <div class=\"lvd-img\">\n                <img fetchpriority=\"high\" decoding=\"async\" width=\"1200\" height=\"675\" src=\"https:\/\/www.eucom.ro\/wp-content\/uploads\/2023\/04\/courses-without-walls.jpg\" alt=\"The \"Courses Without Walls\"\" class=\"lvd-img-responsive\" \/>\n            <\/div>\n        <\/div>\n        <!--Content-->\n        <div class=\"lvd-content lvd-order2\">\n                <!--Keyword-->\n                                <!--Title-->\n                <h2 class=\"lvd-title lvd-text-h2\">\n                    The &#8220;Courses Without Walls&#8221;                <\/h2>\n                <!--Text-->\n                <div class=\"lvd-text lvd-default lvd-col1 \">\n                    <p><span style=\"font-weight: 400\">Concept Besides offering specialized training programs, our team has developed a new approach to knowledge transfer and language skills practice: the &#8220;Courses Without Walls&#8221; concept, which is slightly unconventional for corporate language training.<\/span><\/p>\n<p><span style=\"font-weight: 400\">The traditional classroom setting is replaced with less conventional spaces for educational endeavors, such as restaurants, parks, coffee shops, or interesting streets in the city.<\/span><\/p>\n<p><span style=\"font-weight: 400\">Conversational skills in a foreign language are practiced in an informal setting.<\/span><\/p>\n<p data-inline-fontsize=\"true\" data-inline-lineheight=\"true\" data-fontsize=\"17\" data-lineheight=\"22\"><strong>&#8220;Courses Without Walls&#8221; through specific group activities<\/strong><\/p>\n<p class=\"grey\" data-fontsize=\"14\" data-lineheight=\"18\"><strong>Learning at a caf&eacute; or in a park<\/strong><\/p>\n<p><span style=\"font-weight: 400\">We take participants out of their routine, giving them the opportunity to informally practice their conversational skills.<\/span><\/p>\n<p class=\"grey\" data-fontsize=\"14\" data-lineheight=\"18\"><strong>Themed evenings<\/strong><\/p>\n<p><span style=\"font-weight: 400\">We explore the culture and etiquette specific to the language being learned. It&#8217;s relaxing, fun, and educational.<\/span><\/p>\n<p class=\"grey\" data-fontsize=\"14\" data-lineheight=\"18\"><strong>Team building in other languages<\/strong><\/p>\n<p><span style=\"font-weight: 400\">We step out of our comfort zone together. Romanian is replaced with English, French, Italian, Spanish, or German.<\/span><\/p>                <\/div>\n                <!--Button group-->\n                                    <div class=\"lvd-button-group\">\n                                                                                                                <a href=\"https:\/\/www.eucom.ro\/contact\/\" class=\"lvd-button-primary \">Request Details<\/a>\n                                                                        <\/div>\n                                <!--END Button group-->\n        <\/div>\n    <\/div>\n    <!--END Container-->\n<\/div>\n<!--END Video card text-->\n\n\n<!--Card text-->\n<div  class=\"lvd-cm-card-text lvd-mb-block-spacer lvd-pxy-none  \">\n    <!--Container-->\n    <div class=\"lvd-container lvd-box-shadow-100 lvd-style-apply lvd-style-light lvd-width-desktop\"> \n        <!--Keyword-->\n                <!--Title-->\n        <h2 class=\"lvd-title lvd-text-h2\">\n            Learn new concepts in a relaxed environment while communicating in the target language        <\/h2>\n        <!--Text-->\n        <div class=\"lvd-text lvd-default lvd-col1 \">\n            <ul class=\"fusion-checklist fusion-checklist-1\">\n<li class=\"fusion-li-item\">\n<div class=\"fusion-li-item-content\"><span style=\"font-weight: 400\">Diverse Teaching<\/span><\/div>\n<\/li>\n<li class=\"fusion-li-item\"><i class=\"fusion-li-icon fa fa-check\"><\/i>\n<div class=\"fusion-li-item-content\"><span style=\"font-weight: 400\">Approaches Simulations<\/span><\/div>\n<\/li>\n<li class=\"fusion-li-item\"><i class=\"fusion-li-icon fa fa-check\"><\/i>\n<div class=\"fusion-li-item-content\"><span style=\"font-weight: 400\">Brainstorming<\/span><\/div>\n<\/li>\n<li class=\"fusion-li-item\"><i class=\"fusion-li-icon fa fa-check\"><\/i>\n<div class=\"fusion-li-item-content\"><span style=\"font-weight: 400\">Experiments<\/span><\/div>\n<\/li>\n<li class=\"fusion-li-item\"><i class=\"fusion-li-icon fa fa-check\"><\/i>\n<div class=\"fusion-li-item-content\"><span style=\"font-weight: 400\">Case studies<\/span><\/div>\n<\/li>\n<\/ul>        <\/div>\n        <!--Button group-->\n                    <div class=\"lvd-button-group\">\n                                                                                    <\/div>\n                <!--END Button group-->\n    <\/div>\n    <!--END Container-->\n<\/div>\n<!--END Card text-->\n\n\n<!--Testimonials slide-->\n<div class=\"lvd-testimonials-s lvd-mb-block-spacer lvd-width-fullhd lvd-pxy-none\" >\n    <!--Container-->\n    <div class=\"lvd-container lvd-box-shadow-100 lvd-py lvd-pl-lg lvd-pr-lg lvd-style-apply lvd-style-white\">\n            <!--Section title-->\n                            <h2 class=\"lvd-section-title lvd-mb-sm lvd-text-center lvd-text-h2\">Testimonials from Eucom trainers<\/h2>\n                        <!--Swiper-->\n            <div class=\"lvd-testimonials-s-swiper\">\n                    <div class=\"lvd-swiper-testimonials-s swiper\">\n                        <div class=\"swiper-wrapper\" >\n                            <!--Repeater-->\n                                                            <div class=\"swiper-slide\">\n                                    <div class=\"lvd-flex lvd-flex-row lvd-justify-between  lvd-gap0\">\n                                        <!--Image test-->\n                                                                                <div class=\"lvd-content lvd-self-center\">\n                                                                                            <div class=\"lvd-stars lvd-5stars\">\n                                                    <span class=\"icon-star-fill\"><\/span><span class=\"icon-star-fill\"><\/span><span class=\"icon-star-fill\"><\/span><span class=\"icon-star-fill\"><\/span><span class=\"icon-star-fill\"><\/span>\n                                                <\/div>\n                                                                                        <div class=\"lvd-text lvd-mb-sm\"><p><span style=\"font-weight: 400\">I conducted various types of Courses Without Walls. For example, in one of my one-to-one courses, we stayed in the classroom but created a distinct atmosphere. Together with the participant, we decorated a Christmas tree with various decorations, and then we set the table, although the recipe was imaginary, of course. With two of the groups, we went to the Christmas Market. They had to complete a questionnaire about specific elements they encountered (traditional food, flavors, decorations, etc.), and the person who completed the questionnaire won a prize. Afterward, we went to a caf&eacute; and discussed winter sports, traditions, and customs, among other topics. With one expat, we went shopping in the market (he even had to write a note about what we needed to buy). The entire conversation was conducted in Romanian.<\/span><\/p><\/div>\n                                            <div class=\"lvd-metadata\">Ancu\u021ba, German language trainer, Timi\u0219oara<\/div>\n                                        <\/div>\n                                    <\/div>\n                                <\/div>    \n                                                                <div class=\"swiper-slide\">\n                                    <div class=\"lvd-flex lvd-flex-row lvd-justify-between  lvd-gap0\">\n                                        <!--Image test-->\n                                                                                <div class=\"lvd-content lvd-self-center\">\n                                                                                            <div class=\"lvd-stars lvd-5stars\">\n                                                    <span class=\"icon-star-fill\"><\/span><span class=\"icon-star-fill\"><\/span><span class=\"icon-star-fill\"><\/span><span class=\"icon-star-fill\"><\/span><span class=\"icon-star-fill\"><\/span>\n                                                <\/div>\n                                                                                        <div class=\"lvd-text lvd-mb-sm\"><p>Conceptul de Courses without walls se potrive\u015fte de minune grupelor mele formate din tineri de 23 -28 de ani. Am &icirc;nceput cu ie\u015firi &icirc;n parc &icirc;n care am jucat st&acirc;nd &icirc;n cerc, pe iarb\u0103, un joc de c\u0103r\u0163i cu verbe si am ticluit pove\u015fti diverse cu verbe trase la &icirc;nt&acirc;mplare.<br \/>Am mers \u015fi la cafenea &icirc;n Ajunul Cr\u0103ciunului unde am vorbit despre mul\u0163umirile \u015fi nemul\u0163umirile din anul ce se &icirc;ncheia \u015fi ne-am dest\u0103inuit planurile pentru urm\u0103torul an.<br \/>Alt\u0103dat\u0103 am mers la un restaurant italian \u015fi am servit pr&acirc;nzul sub &bdquo;amenin\u0163area&rdquo; c\u0103 cine va vorbi &icirc;n alt\u0103 limb\u0103 dec&acirc;t italiana, va pl\u0103ti pentru to\u0163i cei 20 de meseni. Spre satisfac\u0163ia mea \u015fi a lor, fiecare \u015fi-a pl\u0103tit propria consuma\u0163ie! Alt\u0103dat\u0103 mi-am dus cursan\u0163ii &icirc;ntr-o cafenea a c\u0103rei proprietar\u0103, vorbitoare de limb\u0103 italian\u0103, nu doar c\u0103 a cerut comanda &icirc;n limba italian\u0103, dar a intrat &icirc;n jocul nostru la propriu \u015fi a participat la activit\u0103\u0163ile preg\u0103tite.<br \/>Dintre toate cursurile without walls, cele mai pl\u0103cute pentru mine au fost ie\u015firile care nu s-au vrut a fi cursuri: eu \u015fi cursan\u0163ii mei ne-am f\u0103cut deja un obicei din a merge &icirc;mpreun\u0103 la oper\u0103 sau la teatru \u015fi, de fiecare dat\u0103 dup\u0103 spectacol, mergem \u015fi la o cin\u0103 t&acirc;rzie unde, f\u0103r\u0103 ca eu s\u0103 le cer acest lucru, cu to\u0163ii vorbesc doar &icirc;n limba italian\u0103.<br \/>De fapt, suntem &icirc;ntr-un permanent course without walls pentru c\u0103 actualii \u015fi fo\u015ftii cursan\u0163i din proiect nu mi se adreseaz\u0103 niciodat\u0103 &icirc;n limba rom&acirc;n\u0103, fie c\u0103 interac\u0163ion\u0103m &icirc;n firm\u0103, &icirc;n afara ei, pe facebook sau prin e-mail; cred c\u0103 la aceast\u0103 dezinvoltur\u0103 a lor de a-mi vorbi doar &icirc;n limba italian\u0103 au contribuit decisiv lec\u0163iile without walls.<\/p><\/div>\n                                            <div class=\"lvd-metadata\">Monica, Italian language trainer, Ia\u0219i<\/div>\n                                        <\/div>\n                                    <\/div>\n                                <\/div>    \n                                                                <div class=\"swiper-slide\">\n                                    <div class=\"lvd-flex lvd-flex-row lvd-justify-between  lvd-gap0\">\n                                        <!--Image test-->\n                                                                                <div class=\"lvd-content lvd-self-center\">\n                                                                                            <div class=\"lvd-stars lvd-5stars\">\n                                                    <span class=\"icon-star-fill\"><\/span><span class=\"icon-star-fill\"><\/span><span class=\"icon-star-fill\"><\/span><span class=\"icon-star-fill\"><\/span><span class=\"icon-star-fill\"><\/span>\n                                                <\/div>\n                                                                                        <div class=\"lvd-text lvd-mb-sm\"><p><span style=\"font-weight: 400\">I conducted a different kind of course within the company. We changed the atmosphere with flowers and goodies, then prepared a variety of brochures from different places we visited in Europe (the participant being passionate about traveling as well). She chose a brochure about Keukenhof Gardens in Amsterdam, where she was planning to go in March, and then she constantly talked about the places she visited (not only the ones we had both been to, but also exotic ones). I brought an article about Z\u0103bala, where she mentioned she would spend her birthday, and we read reviews together, searching for grammar mistakes, and we found some. The participant enjoyed the experience very much and thanked me at the end for everything; she also taught me how to pronounce two words in Hungarian. As usual, it was a win-win situation.<\/span><\/p><\/div>\n                                            <div class=\"lvd-metadata\">Alexandra, English language trainer, Bucharest <\/div>\n                                        <\/div>\n                                    <\/div>\n                                <\/div>    \n                                                            <!--END Repeater-->  \n                        <\/div>\n                        <div class=\"swiper-button-next\"><\/div>\n                        <div class=\"swiper-button-prev\"><\/div>\n                    <\/div>\n            <\/div> \n            <!--END Swiper-->\n            <!--Button group repeater-->\n                            <div class=\"lvd-button-group lvd-mt lvd-text-center\">\n                                                                                                        <\/div>\n                        <!--END Button group repeater-->\n    <\/div>\n    <!--END Container-->\n<\/div>\n<!--END Testimonials slide-->","protected":false},"excerpt":{"rendered":"","protected":false},"author":1,"featured_media":25231,"parent":25336,"menu_order":0,"comment_status":"closed","ping_status":"closed","template":"","meta":{"_acf_changed":false,"footnotes":""},"class_list":["post-25356","page","type-page","status-publish","has-post-thumbnail","hentry"],"acf":[],"yoast_head":"<!-- This site is optimized with the Yoast SEO plugin v26.1.1 - https:\/\/yoast.com\/wordpress\/plugins\/seo\/ -->\n<title>Eucom Methodology - Eucom<\/title>\n<meta name=\"robots\" content=\"index, follow, max-snippet:-1, max-image-preview:large, max-video-preview:-1\" \/>\n<link rel=\"canonical\" href=\"https:\/\/www.eucom.ro\/en\/foreign-language-courses\/eucom-methodology\/\" \/>\n<meta property=\"og:locale\" content=\"en_US\" \/>\n<meta property=\"og:type\" content=\"article\" \/>\n<meta property=\"og:title\" content=\"Eucom Methodology - Eucom\" \/>\n<meta property=\"og:url\" content=\"https:\/\/www.eucom.ro\/en\/foreign-language-courses\/eucom-methodology\/\" \/>\n<meta property=\"og:site_name\" content=\"Eucom\" \/>\n<meta property=\"article:modified_time\" content=\"2023-11-27T10:02:07+00:00\" \/>\n<meta property=\"og:image\" content=\"https:\/\/www.eucom.ro\/wp-content\/uploads\/2023\/04\/metodologia-eucom.jpg\" \/>\n\t<meta property=\"og:image:width\" content=\"1200\" \/>\n\t<meta property=\"og:image:height\" content=\"675\" \/>\n\t<meta property=\"og:image:type\" content=\"image\/jpeg\" \/>\n<meta name=\"twitter:card\" content=\"summary_large_image\" \/>\n<script type=\"application\/ld+json\" class=\"yoast-schema-graph\">{\"@context\":\"https:\/\/schema.org\",\"@graph\":[{\"@type\":\"WebPage\",\"@id\":\"https:\/\/www.eucom.ro\/en\/foreign-language-courses\/eucom-methodology\/\",\"url\":\"https:\/\/www.eucom.ro\/en\/foreign-language-courses\/eucom-methodology\/\",\"name\":\"Eucom Methodology - Eucom\",\"isPartOf\":{\"@id\":\"https:\/\/www.eucom.ro\/en\/#website\"},\"primaryImageOfPage\":{\"@id\":\"https:\/\/www.eucom.ro\/en\/foreign-language-courses\/eucom-methodology\/#primaryimage\"},\"image\":{\"@id\":\"https:\/\/www.eucom.ro\/en\/foreign-language-courses\/eucom-methodology\/#primaryimage\"},\"thumbnailUrl\":\"https:\/\/www.eucom.ro\/wp-content\/uploads\/2023\/04\/metodologia-eucom.jpg\",\"datePublished\":\"2023-04-26T08:11:54+00:00\",\"dateModified\":\"2023-11-27T10:02:07+00:00\",\"breadcrumb\":{\"@id\":\"https:\/\/www.eucom.ro\/en\/foreign-language-courses\/eucom-methodology\/#breadcrumb\"},\"inLanguage\":\"en-US\",\"potentialAction\":[{\"@type\":\"ReadAction\",\"target\":[\"https:\/\/www.eucom.ro\/en\/foreign-language-courses\/eucom-methodology\/\"]}]},{\"@type\":\"ImageObject\",\"inLanguage\":\"en-US\",\"@id\":\"https:\/\/www.eucom.ro\/en\/foreign-language-courses\/eucom-methodology\/#primaryimage\",\"url\":\"https:\/\/www.eucom.ro\/wp-content\/uploads\/2023\/04\/metodologia-eucom.jpg\",\"contentUrl\":\"https:\/\/www.eucom.ro\/wp-content\/uploads\/2023\/04\/metodologia-eucom.jpg\",\"width\":1200,\"height\":675},{\"@type\":\"BreadcrumbList\",\"@id\":\"https:\/\/www.eucom.ro\/en\/foreign-language-courses\/eucom-methodology\/#breadcrumb\",\"itemListElement\":[{\"@type\":\"ListItem\",\"position\":1,\"name\":\"Eucom\",\"item\":\"https:\/\/www.eucom.ro\/en\/\"},{\"@type\":\"ListItem\",\"position\":2,\"name\":\"Foreign Language Courses\",\"item\":\"https:\/\/www.eucom.ro\/en\/foreign-language-courses\/\"},{\"@type\":\"ListItem\",\"position\":3,\"name\":\"Eucom Methodology\"}]},{\"@type\":\"WebSite\",\"@id\":\"https:\/\/www.eucom.ro\/en\/#website\",\"url\":\"https:\/\/www.eucom.ro\/en\/\",\"name\":\"Eucom\",\"description\":\"\",\"potentialAction\":[{\"@type\":\"SearchAction\",\"target\":{\"@type\":\"EntryPoint\",\"urlTemplate\":\"https:\/\/www.eucom.ro\/en\/?s={search_term_string}\"},\"query-input\":{\"@type\":\"PropertyValueSpecification\",\"valueRequired\":true,\"valueName\":\"search_term_string\"}}],\"inLanguage\":\"en-US\"}]}<\/script>\n<!-- \/ Yoast SEO plugin. -->","yoast_head_json":{"title":"Eucom Methodology - Eucom","robots":{"index":"index","follow":"follow","max-snippet":"max-snippet:-1","max-image-preview":"max-image-preview:large","max-video-preview":"max-video-preview:-1"},"canonical":"https:\/\/www.eucom.ro\/en\/foreign-language-courses\/eucom-methodology\/","og_locale":"en_US","og_type":"article","og_title":"Eucom Methodology - Eucom","og_url":"https:\/\/www.eucom.ro\/en\/foreign-language-courses\/eucom-methodology\/","og_site_name":"Eucom","article_modified_time":"2023-11-27T10:02:07+00:00","og_image":[{"width":1200,"height":675,"url":"https:\/\/www.eucom.ro\/wp-content\/uploads\/2023\/04\/metodologia-eucom.jpg","type":"image\/jpeg"}],"twitter_card":"summary_large_image","schema":{"@context":"https:\/\/schema.org","@graph":[{"@type":"WebPage","@id":"https:\/\/www.eucom.ro\/en\/foreign-language-courses\/eucom-methodology\/","url":"https:\/\/www.eucom.ro\/en\/foreign-language-courses\/eucom-methodology\/","name":"Eucom Methodology - Eucom","isPartOf":{"@id":"https:\/\/www.eucom.ro\/en\/#website"},"primaryImageOfPage":{"@id":"https:\/\/www.eucom.ro\/en\/foreign-language-courses\/eucom-methodology\/#primaryimage"},"image":{"@id":"https:\/\/www.eucom.ro\/en\/foreign-language-courses\/eucom-methodology\/#primaryimage"},"thumbnailUrl":"https:\/\/www.eucom.ro\/wp-content\/uploads\/2023\/04\/metodologia-eucom.jpg","datePublished":"2023-04-26T08:11:54+00:00","dateModified":"2023-11-27T10:02:07+00:00","breadcrumb":{"@id":"https:\/\/www.eucom.ro\/en\/foreign-language-courses\/eucom-methodology\/#breadcrumb"},"inLanguage":"en-US","potentialAction":[{"@type":"ReadAction","target":["https:\/\/www.eucom.ro\/en\/foreign-language-courses\/eucom-methodology\/"]}]},{"@type":"ImageObject","inLanguage":"en-US","@id":"https:\/\/www.eucom.ro\/en\/foreign-language-courses\/eucom-methodology\/#primaryimage","url":"https:\/\/www.eucom.ro\/wp-content\/uploads\/2023\/04\/metodologia-eucom.jpg","contentUrl":"https:\/\/www.eucom.ro\/wp-content\/uploads\/2023\/04\/metodologia-eucom.jpg","width":1200,"height":675},{"@type":"BreadcrumbList","@id":"https:\/\/www.eucom.ro\/en\/foreign-language-courses\/eucom-methodology\/#breadcrumb","itemListElement":[{"@type":"ListItem","position":1,"name":"Eucom","item":"https:\/\/www.eucom.ro\/en\/"},{"@type":"ListItem","position":2,"name":"Foreign Language Courses","item":"https:\/\/www.eucom.ro\/en\/foreign-language-courses\/"},{"@type":"ListItem","position":3,"name":"Eucom Methodology"}]},{"@type":"WebSite","@id":"https:\/\/www.eucom.ro\/en\/#website","url":"https:\/\/www.eucom.ro\/en\/","name":"Eucom","description":"","potentialAction":[{"@type":"SearchAction","target":{"@type":"EntryPoint","urlTemplate":"https:\/\/www.eucom.ro\/en\/?s={search_term_string}"},"query-input":{"@type":"PropertyValueSpecification","valueRequired":true,"valueName":"search_term_string"}}],"inLanguage":"en-US"}]}},"_links":{"self":[{"href":"https:\/\/www.eucom.ro\/en\/wp-json\/wp\/v2\/pages\/25356","targetHints":{"allow":["GET"]}}],"collection":[{"href":"https:\/\/www.eucom.ro\/en\/wp-json\/wp\/v2\/pages"}],"about":[{"href":"https:\/\/www.eucom.ro\/en\/wp-json\/wp\/v2\/types\/page"}],"author":[{"embeddable":true,"href":"https:\/\/www.eucom.ro\/en\/wp-json\/wp\/v2\/users\/1"}],"replies":[{"embeddable":true,"href":"https:\/\/www.eucom.ro\/en\/wp-json\/wp\/v2\/comments?post=25356"}],"version-history":[{"count":0,"href":"https:\/\/www.eucom.ro\/en\/wp-json\/wp\/v2\/pages\/25356\/revisions"}],"up":[{"embeddable":true,"href":"https:\/\/www.eucom.ro\/en\/wp-json\/wp\/v2\/pages\/25336"}],"wp:featuredmedia":[{"embeddable":true,"href":"https:\/\/www.eucom.ro\/en\/wp-json\/wp\/v2\/media\/25231"}],"wp:attachment":[{"href":"https:\/\/www.eucom.ro\/en\/wp-json\/wp\/v2\/media?parent=25356"}],"curies":[{"name":"wp","href":"https:\/\/api.w.org\/{rel}","templated":true}]}}